{"id":789,"date":"2023-01-26T08:39:14","date_gmt":"2023-01-26T08:39:14","guid":{"rendered":"http:\/\/52.213.89.96\/?page_id=789"},"modified":"2023-06-19T16:09:22","modified_gmt":"2023-06-19T16:09:22","slug":"thank-you","status":"publish","type":"page","link":"https:\/\/www.powerdot.eu\/pl\/thank-you","title":{"rendered":"Dzi\u0119kujemy za kontakt z Power Dot"},"content":{"rendered":"<h2>Dzi\u0119kujemy za kontakt z Power Dot!<\/h2>\n<p>&nbsp;<\/p>\n<h4>Nasz dzia\u0142 Partnership Development skontaktuje si\u0119 z Pa\u0144stwem wkr\u00f3tce na wskazany adres e-mail<\/h4>\n","protected":false},"excerpt":{"rendered":"<p>Dzi\u0119kujemy za kontakt z Power Dot! &nbsp; Nasz dzia\u0142 Partnership Development skontaktuje si\u0119 z Pa\u0144stwem wkr\u00f3tce na wskazany adres e-mail<\/p>\n","protected":false},"author":3,"featured_media":0,"parent":0,"menu_order":0,"comment_status":"closed","ping_status":"closed","template":"page-form.php","meta":{"inline_featured_image":false,"footnotes":""},"class_list":["post-789","page","type-page","status-publish","hentry"],"acf":[],"yoast_head":"<!-- This site is optimized with the Yoast SEO Premium plugin v23.6 (Yoast SEO v23.6) - https:\/\/yoast.com\/wordpress\/plugins\/seo\/ -->\n<title>Dzi\u0119kujemy za kontakt z Power Dot - Powerdot<\/title>\n<meta name=\"robots\" content=\"noindex, follow\" \/>\n<meta property=\"og:locale\" content=\"pl_PL\" \/>\n<meta property=\"og:type\" content=\"article\" \/>\n<meta property=\"og:title\" content=\"Dzi\u0119kujemy za kontakt z Power Dot\" \/>\n<meta property=\"og:description\" content=\"Dzi\u0119kujemy za kontakt z Power Dot! &nbsp; Nasz dzia\u0142 Partnership Development skontaktuje si\u0119 z Pa\u0144stwem wkr\u00f3tce na wskazany adres e-mail\" \/>\n<meta property=\"og:url\" content=\"https:\/\/www.powerdot.eu\/pl\/thank-you\" \/>\n<meta property=\"og:site_name\" content=\"Powerdot\" \/>\n<meta property=\"article:modified_time\" content=\"2023-06-19T16:09:22+00:00\" \/>\n<meta name=\"twitter:card\" content=\"summary_large_image\" \/>\n<meta name=\"twitter:label1\" content=\"Szacowany czas czytania\" \/>\n\t<meta name=\"twitter:data1\" content=\"1 minuta\" \/>\n<script type=\"application\/ld+json\" class=\"yoast-schema-graph\">{\"@context\":\"https:\/\/schema.org\",\"@graph\":[{\"@type\":\"WebPage\",\"@id\":\"https:\/\/www.powerdot.eu\/pl\/thank-you\",\"url\":\"https:\/\/www.powerdot.eu\/pl\/thank-you\",\"name\":\"Dzi\u0119kujemy za kontakt z Power Dot - Powerdot\",\"isPartOf\":{\"@id\":\"https:\/\/powerdot.eu\/en#website\"},\"datePublished\":\"2023-01-26T08:39:14+00:00\",\"dateModified\":\"2023-06-19T16:09:22+00:00\",\"breadcrumb\":{\"@id\":\"https:\/\/www.powerdot.eu\/pl\/thank-you#breadcrumb\"},\"inLanguage\":\"pl-PL\",\"potentialAction\":[{\"@type\":\"ReadAction\",\"target\":[\"https:\/\/www.powerdot.eu\/pl\/thank-you\"]}]},{\"@type\":\"BreadcrumbList\",\"@id\":\"https:\/\/www.powerdot.eu\/pl\/thank-you#breadcrumb\",\"itemListElement\":[{\"@type\":\"ListItem\",\"position\":1,\"name\":\"In\u00edcio\",\"item\":\"https:\/\/www.powerdot.eu\/pl\"},{\"@type\":\"ListItem\",\"position\":2,\"name\":\"Dzi\u0119kujemy za kontakt z Power Dot\"}]},{\"@type\":\"WebSite\",\"@id\":\"https:\/\/powerdot.eu\/en#website\",\"url\":\"https:\/\/powerdot.eu\/en\",\"name\":\"Powerdot\",\"description\":\"\",\"potentialAction\":[{\"@type\":\"SearchAction\",\"target\":{\"@type\":\"EntryPoint\",\"urlTemplate\":\"https:\/\/powerdot.eu\/en?s={search_term_string}\"},\"query-input\":{\"@type\":\"PropertyValueSpecification\",\"valueRequired\":true,\"valueName\":\"search_term_string\"}}],\"inLanguage\":\"pl-PL\"}]}<\/script>\n<!-- \/ Yoast SEO Premium plugin. -->","yoast_head_json":{"title":"Dzi\u0119kujemy za kontakt z Power Dot - Powerdot","robots":{"index":"noindex","follow":"follow"},"og_locale":"pl_PL","og_type":"article","og_title":"Dzi\u0119kujemy za kontakt z Power Dot","og_description":"Dzi\u0119kujemy za kontakt z Power Dot! &nbsp; Nasz dzia\u0142 Partnership Development skontaktuje si\u0119 z Pa\u0144stwem wkr\u00f3tce na wskazany adres e-mail","og_url":"https:\/\/www.powerdot.eu\/pl\/thank-you","og_site_name":"Powerdot","article_modified_time":"2023-06-19T16:09:22+00:00","twitter_card":"summary_large_image","twitter_misc":{"Szacowany czas czytania":"1 minuta"},"schema":{"@context":"https:\/\/schema.org","@graph":[{"@type":"WebPage","@id":"https:\/\/www.powerdot.eu\/pl\/thank-you","url":"https:\/\/www.powerdot.eu\/pl\/thank-you","name":"Dzi\u0119kujemy za kontakt z Power Dot - Powerdot","isPartOf":{"@id":"https:\/\/powerdot.eu\/en#website"},"datePublished":"2023-01-26T08:39:14+00:00","dateModified":"2023-06-19T16:09:22+00:00","breadcrumb":{"@id":"https:\/\/www.powerdot.eu\/pl\/thank-you#breadcrumb"},"inLanguage":"pl-PL","potentialAction":[{"@type":"ReadAction","target":["https:\/\/www.powerdot.eu\/pl\/thank-you"]}]},{"@type":"BreadcrumbList","@id":"https:\/\/www.powerdot.eu\/pl\/thank-you#breadcrumb","itemListElement":[{"@type":"ListItem","position":1,"name":"In\u00edcio","item":"https:\/\/www.powerdot.eu\/pl"},{"@type":"ListItem","position":2,"name":"Dzi\u0119kujemy za kontakt z Power Dot"}]},{"@type":"WebSite","@id":"https:\/\/powerdot.eu\/en#website","url":"https:\/\/powerdot.eu\/en","name":"Powerdot","description":"","potentialAction":[{"@type":"SearchAction","target":{"@type":"EntryPoint","urlTemplate":"https:\/\/powerdot.eu\/en?s={search_term_string}"},"query-input":{"@type":"PropertyValueSpecification","valueRequired":true,"valueName":"search_term_string"}}],"inLanguage":"pl-PL"}]}},"_links":{"self":[{"href":"https:\/\/www.powerdot.eu\/pl\/wp-json\/wp\/v2\/pages\/789"}],"collection":[{"href":"https:\/\/www.powerdot.eu\/pl\/wp-json\/wp\/v2\/pages"}],"about":[{"href":"https:\/\/www.powerdot.eu\/pl\/wp-json\/wp\/v2\/types\/page"}],"author":[{"embeddable":true,"href":"https:\/\/www.powerdot.eu\/pl\/wp-json\/wp\/v2\/users\/3"}],"replies":[{"embeddable":true,"href":"https:\/\/www.powerdot.eu\/pl\/wp-json\/wp\/v2\/comments?post=789"}],"version-history":[{"count":2,"href":"https:\/\/www.powerdot.eu\/pl\/wp-json\/wp\/v2\/pages\/789\/revisions"}],"predecessor-version":[{"id":791,"href":"https:\/\/www.powerdot.eu\/pl\/wp-json\/wp\/v2\/pages\/789\/revisions\/791"}],"wp:attachment":[{"href":"https:\/\/www.powerdot.eu\/pl\/wp-json\/wp\/v2\/media?parent=789"}],"curies":[{"name":"wp","href":"https:\/\/api.w.org\/{rel}","templated":true}]}}