{"id":7107,"date":"2024-04-08T10:07:36","date_gmt":"2024-04-08T10:07:36","guid":{"rendered":"https:\/\/powerdot.eu\/?page_id=7107"},"modified":"2024-04-08T10:10:26","modified_gmt":"2024-04-08T10:10:26","slug":"informacja-dla-uzytkownikow-uwaga-na-proby-phishingu","status":"publish","type":"page","link":"https:\/\/powerdot.eu\/pl\/informacja-dla-uzytkownikow-uwaga-na-proby-phishingu","title":{"rendered":"Informacja dla u\u017cytkownik\u00f3w: Uwaga na pr\u00f3by phishingu"},"content":{"rendered":"<h5><\/h5>\n<h5><span style=\"font-weight: 400;\">Drodzy klienci i partnerzy,<\/span><\/h5>\n<p><span style=\"font-weight: 400;\">Dowiedzieli\u015bmy si\u0119 o nieuczciwych dzia\u0142aniach wymierzonych w naszych klient\u00f3w i partner\u00f3w za po\u015brednictwem fa\u0142szywych domen i \u017ar\u00f3de\u0142 twierdz\u0105cych, \u017ce s\u0105 powi\u0105zane z Powerdot. Te nieautoryzowane podmioty pr\u00f3buj\u0105 oszuka\u0107 osoby w celu uzyskania poufnych informacji lub zaanga\u017cowania si\u0119 w szkodliwe dzia\u0142ania.<\/span><\/p>\n<p><span style=\"font-weight: 400;\">Nale\u017cy pami\u0119ta\u0107, \u017ce nasze oficjalne domeny to:<\/span><\/p>\n<ul>\n<li style=\"font-weight: 400;\" aria-level=\"1\"><a href=\"https:\/\/powerdot.eu\/\"><span style=\"font-weight: 400;\">powerdot.eu<\/span><\/a><\/li>\n<li style=\"font-weight: 400;\" aria-level=\"1\"><a href=\"http:\/\/powerdot.pt\/\"><span style=\"font-weight: 400;\">powerdot.pt<\/span><\/a><\/li>\n<li style=\"font-weight: 400;\" aria-level=\"1\"><a href=\"http:\/\/powerdot.fr\/\"><span style=\"font-weight: 400;\">powerdot.fr<\/span><\/a><\/li>\n<li style=\"font-weight: 400;\" aria-level=\"1\"><a href=\"http:\/\/powerdot.es\/\"><span style=\"font-weight: 400;\">powerdot.es<\/span><\/a><\/li>\n<li style=\"font-weight: 400;\" aria-level=\"1\"><span style=\"font-weight: 400;\">powerdot.pl<\/span><\/li>\n<li style=\"font-weight: 400;\" aria-level=\"1\"><a href=\"http:\/\/powerdot.be\/\"><span style=\"font-weight: 400;\">powerdot.be<\/span><\/a><\/li>\n<li style=\"font-weight: 400;\" aria-level=\"1\"><a href=\"http:\/\/pwrdt.com\/\"><span style=\"font-weight: 400;\">pwrdt.com<\/span><\/a><\/li>\n<\/ul>\n<p><span style=\"font-weight: 400;\">Jakakolwiek komunikacja twierdz\u0105ca, \u017ce pochodzi od Powerdot, ale pochodz\u0105ca z domen innych ni\u017c wymienione powy\u017cej, powinna by\u0107 traktowana jako podejrzana i ignorowana. Nie prowadzimy dzia\u0142alno\u015bci ani nie komunikujemy si\u0119 za po\u015brednictwem nieoficjalnych kana\u0142\u00f3w.<\/span><\/p>\n<p><span style=\"font-weight: 400;\">Aby chroni\u0107 swoje dane osobowe i finansowe, zach\u0119camy do zachowania ostro\u017cno\u015bci i zweryfikowania legalno\u015bci ka\u017cdej korespondencji rzekomo pochodz\u0105cej od Powerdot. W przypadku otrzymania podejrzanych wiadomo\u015bci e-mail, wiadomo\u015bci lub po\u0142\u0105cze\u0144 telefonicznych nale\u017cy powstrzyma\u0107 si\u0119 od korzystania z jakichkolwiek link\u00f3w lub podawania jakichkolwiek danych osobowych.<\/span><\/p>\n<p><span style=\"font-weight: 400;\">W przypadku jakichkolwiek w\u0105tpliwo\u015bci lub pyta\u0144 dotycz\u0105cych autentyczno\u015bci komunikacji z Powerdot, prosimy o natychmiastowy kontakt z naszym dzia\u0142em obs\u0142ugi klienta (geral@powerdot.eu).<\/span><\/p>\n<p><span style=\"font-weight: 400;\">Dzi\u0119kujemy za wsp\u00f3\u0142prac\u0119 w walce z nieuczciwymi dzia\u0142aniami i ochron\u0119 integralno\u015bci naszej marki.<\/span><\/p>\n<p><span style=\"font-weight: 400;\">Z powa\u017caniem,<\/span><\/p>\n<h5><span style=\"font-weight: 400;\">Zesp\u00f3\u0142 Powerdot<\/span><\/h5>\n","protected":false},"excerpt":{"rendered":"<p>Drodzy klienci i partnerzy, Dowiedzieli\u015bmy si\u0119 o nieuczciwych dzia\u0142aniach wymierzonych w naszych klient\u00f3w i partner\u00f3w za po\u015brednictwem fa\u0142szywych domen i \u017ar\u00f3de\u0142 twierdz\u0105cych, \u017ce s\u0105 powi\u0105zane z Powerdot. Te nieautoryzowane podmioty pr\u00f3buj\u0105 oszuka\u0107 osoby w celu uzyskania poufnych informacji lub zaanga\u017cowania si\u0119 w szkodliwe dzia\u0142ania. Nale\u017cy pami\u0119ta\u0107, \u017ce nasze oficjalne domeny to: powerdot.eu powerdot.pt powerdot.fr powerdot.es [&hellip;]<\/p>\n","protected":false},"author":6,"featured_media":0,"parent":0,"menu_order":0,"comment_status":"closed","ping_status":"closed","template":"page-templates\/page-sidebar-none.php","meta":{"inline_featured_image":false,"footnotes":""},"class_list":["post-7107","page","type-page","status-publish","hentry"],"acf":[],"yoast_head":"<!-- This site is optimized with the Yoast SEO Premium plugin v23.6 (Yoast SEO v23.6) - https:\/\/yoast.com\/wordpress\/plugins\/seo\/ -->\n<title>Informacja dla u\u017cytkownik\u00f3w: Uwaga na pr\u00f3by phishingu - Powerdot<\/title>\n<meta name=\"robots\" content=\"index, follow, max-snippet:-1, max-image-preview:large, max-video-preview:-1\" \/>\n<link rel=\"canonical\" href=\"https:\/\/powerdot.eu\/pl\/informacja-dla-uzytkownikow-uwaga-na-proby-phishingu\" \/>\n<meta property=\"og:locale\" content=\"pl_PL\" \/>\n<meta property=\"og:type\" content=\"article\" \/>\n<meta property=\"og:title\" content=\"Informacja dla u\u017cytkownik\u00f3w: Uwaga na pr\u00f3by phishingu\" \/>\n<meta property=\"og:description\" content=\"Drodzy klienci i partnerzy, Dowiedzieli\u015bmy si\u0119 o nieuczciwych dzia\u0142aniach wymierzonych w naszych klient\u00f3w i partner\u00f3w za po\u015brednictwem fa\u0142szywych domen i \u017ar\u00f3de\u0142 twierdz\u0105cych, \u017ce s\u0105 powi\u0105zane z Powerdot. Te nieautoryzowane podmioty pr\u00f3buj\u0105 oszuka\u0107 osoby w celu uzyskania poufnych informacji lub zaanga\u017cowania si\u0119 w szkodliwe dzia\u0142ania. Nale\u017cy pami\u0119ta\u0107, \u017ce nasze oficjalne domeny to: powerdot.eu powerdot.pt powerdot.fr powerdot.es [&hellip;]\" \/>\n<meta property=\"og:url\" content=\"https:\/\/powerdot.eu\/pl\/informacja-dla-uzytkownikow-uwaga-na-proby-phishingu\" \/>\n<meta property=\"og:site_name\" content=\"Powerdot\" \/>\n<meta property=\"article:modified_time\" content=\"2024-04-08T10:10:26+00:00\" \/>\n<meta name=\"twitter:card\" content=\"summary_large_image\" \/>\n<meta name=\"twitter:label1\" content=\"Szacowany czas czytania\" \/>\n\t<meta name=\"twitter:data1\" content=\"1 minuta\" \/>\n<script type=\"application\/ld+json\" class=\"yoast-schema-graph\">{\"@context\":\"https:\/\/schema.org\",\"@graph\":[{\"@type\":\"WebPage\",\"@id\":\"https:\/\/powerdot.eu\/pl\/informacja-dla-uzytkownikow-uwaga-na-proby-phishingu\",\"url\":\"https:\/\/powerdot.eu\/pl\/informacja-dla-uzytkownikow-uwaga-na-proby-phishingu\",\"name\":\"Informacja dla u\u017cytkownik\u00f3w: Uwaga na pr\u00f3by phishingu - Powerdot\",\"isPartOf\":{\"@id\":\"https:\/\/powerdot.eu\/pl#website\"},\"datePublished\":\"2024-04-08T10:07:36+00:00\",\"dateModified\":\"2024-04-08T10:10:26+00:00\",\"breadcrumb\":{\"@id\":\"https:\/\/powerdot.eu\/pl\/informacja-dla-uzytkownikow-uwaga-na-proby-phishingu#breadcrumb\"},\"inLanguage\":\"pl-PL\",\"potentialAction\":[{\"@type\":\"ReadAction\",\"target\":[\"https:\/\/powerdot.eu\/pl\/informacja-dla-uzytkownikow-uwaga-na-proby-phishingu\"]}]},{\"@type\":\"BreadcrumbList\",\"@id\":\"https:\/\/powerdot.eu\/pl\/informacja-dla-uzytkownikow-uwaga-na-proby-phishingu#breadcrumb\",\"itemListElement\":[{\"@type\":\"ListItem\",\"position\":1,\"name\":\"In\u00edcio\",\"item\":\"https:\/\/www.powerdot.eu\/pl\"},{\"@type\":\"ListItem\",\"position\":2,\"name\":\"Informacja dla u\u017cytkownik\u00f3w: Uwaga na pr\u00f3by phishingu\"}]},{\"@type\":\"WebSite\",\"@id\":\"https:\/\/powerdot.eu\/pl#website\",\"url\":\"https:\/\/powerdot.eu\/pl\",\"name\":\"Powerdot\",\"description\":\"\",\"potentialAction\":[{\"@type\":\"SearchAction\",\"target\":{\"@type\":\"EntryPoint\",\"urlTemplate\":\"https:\/\/powerdot.eu\/pl?s={search_term_string}\"},\"query-input\":{\"@type\":\"PropertyValueSpecification\",\"valueRequired\":true,\"valueName\":\"search_term_string\"}}],\"inLanguage\":\"pl-PL\"}]}<\/script>\n<!-- \/ Yoast SEO Premium plugin. -->","yoast_head_json":{"title":"Informacja dla u\u017cytkownik\u00f3w: Uwaga na pr\u00f3by phishingu - Powerdot","robots":{"index":"index","follow":"follow","max-snippet":"max-snippet:-1","max-image-preview":"max-image-preview:large","max-video-preview":"max-video-preview:-1"},"canonical":"https:\/\/powerdot.eu\/pl\/informacja-dla-uzytkownikow-uwaga-na-proby-phishingu","og_locale":"pl_PL","og_type":"article","og_title":"Informacja dla u\u017cytkownik\u00f3w: Uwaga na pr\u00f3by phishingu","og_description":"Drodzy klienci i partnerzy, Dowiedzieli\u015bmy si\u0119 o nieuczciwych dzia\u0142aniach wymierzonych w naszych klient\u00f3w i partner\u00f3w za po\u015brednictwem fa\u0142szywych domen i \u017ar\u00f3de\u0142 twierdz\u0105cych, \u017ce s\u0105 powi\u0105zane z Powerdot. Te nieautoryzowane podmioty pr\u00f3buj\u0105 oszuka\u0107 osoby w celu uzyskania poufnych informacji lub zaanga\u017cowania si\u0119 w szkodliwe dzia\u0142ania. Nale\u017cy pami\u0119ta\u0107, \u017ce nasze oficjalne domeny to: powerdot.eu powerdot.pt powerdot.fr powerdot.es [&hellip;]","og_url":"https:\/\/powerdot.eu\/pl\/informacja-dla-uzytkownikow-uwaga-na-proby-phishingu","og_site_name":"Powerdot","article_modified_time":"2024-04-08T10:10:26+00:00","twitter_card":"summary_large_image","twitter_misc":{"Szacowany czas czytania":"1 minuta"},"schema":{"@context":"https:\/\/schema.org","@graph":[{"@type":"WebPage","@id":"https:\/\/powerdot.eu\/pl\/informacja-dla-uzytkownikow-uwaga-na-proby-phishingu","url":"https:\/\/powerdot.eu\/pl\/informacja-dla-uzytkownikow-uwaga-na-proby-phishingu","name":"Informacja dla u\u017cytkownik\u00f3w: Uwaga na pr\u00f3by phishingu - Powerdot","isPartOf":{"@id":"https:\/\/powerdot.eu\/pl#website"},"datePublished":"2024-04-08T10:07:36+00:00","dateModified":"2024-04-08T10:10:26+00:00","breadcrumb":{"@id":"https:\/\/powerdot.eu\/pl\/informacja-dla-uzytkownikow-uwaga-na-proby-phishingu#breadcrumb"},"inLanguage":"pl-PL","potentialAction":[{"@type":"ReadAction","target":["https:\/\/powerdot.eu\/pl\/informacja-dla-uzytkownikow-uwaga-na-proby-phishingu"]}]},{"@type":"BreadcrumbList","@id":"https:\/\/powerdot.eu\/pl\/informacja-dla-uzytkownikow-uwaga-na-proby-phishingu#breadcrumb","itemListElement":[{"@type":"ListItem","position":1,"name":"In\u00edcio","item":"https:\/\/www.powerdot.eu\/pl"},{"@type":"ListItem","position":2,"name":"Informacja dla u\u017cytkownik\u00f3w: Uwaga na pr\u00f3by phishingu"}]},{"@type":"WebSite","@id":"https:\/\/powerdot.eu\/pl#website","url":"https:\/\/powerdot.eu\/pl","name":"Powerdot","description":"","potentialAction":[{"@type":"SearchAction","target":{"@type":"EntryPoint","urlTemplate":"https:\/\/powerdot.eu\/pl?s={search_term_string}"},"query-input":{"@type":"PropertyValueSpecification","valueRequired":true,"valueName":"search_term_string"}}],"inLanguage":"pl-PL"}]}},"_links":{"self":[{"href":"https:\/\/powerdot.eu\/pl\/wp-json\/wp\/v2\/pages\/7107"}],"collection":[{"href":"https:\/\/powerdot.eu\/pl\/wp-json\/wp\/v2\/pages"}],"about":[{"href":"https:\/\/powerdot.eu\/pl\/wp-json\/wp\/v2\/types\/page"}],"author":[{"embeddable":true,"href":"https:\/\/powerdot.eu\/pl\/wp-json\/wp\/v2\/users\/6"}],"replies":[{"embeddable":true,"href":"https:\/\/powerdot.eu\/pl\/wp-json\/wp\/v2\/comments?post=7107"}],"version-history":[{"count":2,"href":"https:\/\/powerdot.eu\/pl\/wp-json\/wp\/v2\/pages\/7107\/revisions"}],"predecessor-version":[{"id":7109,"href":"https:\/\/powerdot.eu\/pl\/wp-json\/wp\/v2\/pages\/7107\/revisions\/7109"}],"wp:attachment":[{"href":"https:\/\/powerdot.eu\/pl\/wp-json\/wp\/v2\/media?parent=7107"}],"curies":[{"name":"wp","href":"https:\/\/api.w.org\/{rel}","templated":true}]}}