{"id":9693,"date":"2024-11-14T13:48:42","date_gmt":"2024-11-14T13:48:42","guid":{"rendered":"https:\/\/www.powerdot.eu\/?page_id=9693"},"modified":"2024-11-26T21:26:34","modified_gmt":"2024-11-26T21:26:34","slug":"politica-de-cookies-cat","status":"publish","type":"page","link":"https:\/\/powerdot.eu\/es\/politica-de-cookies-cat","title":{"rendered":"Pol\u00edtica de cookies"},"content":{"rendered":"<p style=\"text-align: right;\" class=\"cookies-alt\">[<a href=\"https:\/\/www.powerdot.eu\/es\/politica-de-cookies\">Espa\u00f1ol<\/a>] [<a href=\"https:\/\/www.powerdot.eu\/es\/politica-de-cookies-vasc\">Vasco<\/a>]<\/p>\n<p>&nbsp;<\/p>\n<p><b>\u00daltima actualitzaci\u00f3: 28 d\u2019octubre de 2024<\/b><\/p>\n<p><span style=\"font-weight: 400;\">Aquesta Pol\u00edtica de Cookies explica com Powerdot utilitza la informaci\u00f3 recopilada de les cookies i altres tecnologies de seguiment disponibles al seu Lloc Web,<\/span><a href=\"https:\/\/powerdot.eu\/\"> <span style=\"font-weight: 400;\">https:\/\/powerdot.eu\/<\/span><\/a><span style=\"font-weight: 400;\">, i la seva Webapp de Pagament Adhoc,<\/span><a href=\"https:\/\/adhoc.pwrdt.com\/\"> <span style=\"font-weight: 400;\">https:\/\/adhoc.pwrdt.com\/<\/span><\/a><span style=\"font-weight: 400;\"> (d\u2019ara endavant, el \u00ablloc\u00bb).<\/span><\/p>\n<p><span style=\"font-weight: 400;\">Aquest lloc utilitza cookies per garantir el seu correcte funcionament, per\u00f2 tamb\u00e9 per assegurar que vost\u00e8, com a usuari, tingui la millor experi\u00e8ncia de navegaci\u00f3 possible. Les cookies tamb\u00e9 tenen com a objectiu permetre la millora cont\u00ednua dels serveis que posem a la seva disposici\u00f3.<\/span><\/p>\n<p><span style=\"font-weight: 400;\">Si t\u00e9 alguna pregunta relacionada amb aquesta Pol\u00edtica, pot posar-se en contacte amb nosaltres a trav\u00e9s de la seg\u00fcent adre\u00e7a de correu electr\u00f2nic: <\/span><a href=\"mailto:support@powerdot.eu\"><span style=\"font-weight: 400;\">support@powerdot.eu<\/span><\/a><span style=\"font-weight: 400;\">\u00a0\u00a0\u00a0<\/span><\/p>\n<p>&nbsp;<\/p>\n<h2><b>Qu\u00e8 s\u00f3n les cookies? Existeixen diferents tipus de Cookies?<\/b><\/h2>\n<p><span style=\"font-weight: 400;\">Les cookies s\u00f3n petits arxius d&#8217;informaci\u00f3 col\u00b7locats pels llocs web i emmagatzemats al navegador del dispositiu que s\u2019utilitza per accedir a internet (per exemple, l\u2019ordinador o el tel\u00e8fon m\u00f2bil). Les cookies s\u2019utilitzen per identificar els usuaris, personalitzar la p\u00e0gina segons el seu perfil, facilitant-ne l&#8217;\u00fas, o facilitar la transfer\u00e8ncia de dades entre p\u00e0gines d\u2019un mateix lloc.<\/span><\/p>\n<p><span style=\"font-weight: 400;\">Les cookies tenen diverses classificacions segons diferents criteris, com s\u2019indica a continuaci\u00f3:<\/span><\/p>\n<p><span style=\"font-weight: 400;\">Segons la seva finalitat, les Cookies poden ser:<\/span><\/p>\n<ul>\n<li style=\"font-weight: 400;\" aria-level=\"1\"><b>Cookies estrictament necess\u00e0ries<\/b><span style=\"font-weight: 400;\"> &#8211; s\u00f3n aquelles necess\u00e0ries per garantir el funcionament del lloc web i\/o per garantir la disponibilitat de funcionalitats sol\u00b7licitades per l\u2019usuari, o fins i tot per guardar les seves prefer\u00e8ncies de navegaci\u00f3 sempre que utilitzi el mateix dispositiu i aix\u00ed ho demani.<\/span><\/li>\n<li style=\"font-weight: 400;\" aria-level=\"1\"><b>Cookies de personalitzaci\u00f3<\/b><span style=\"font-weight: 400;\"> &#8211; s\u00f3n de naturalesa auxiliar i no s\u00f3n necess\u00e0ries per al funcionament del lloc web, per\u00f2 poden millorar-ne el rendiment. S\u2019utilitzen per millorar l&#8217;experi\u00e8ncia de l\u2019usuari.<\/span><\/li>\n<li style=\"font-weight: 400;\" aria-level=\"1\"><b>Cookies anal\u00edtiques<\/b><span style=\"font-weight: 400;\"> &#8211; s\u00f3n de naturalesa auxiliar i recopilen informaci\u00f3 estad\u00edstica per ajudar els propietaris dels llocs web a analitzar l\u2019\u00fas dels seus llocs i comprendre millor la participaci\u00f3 dels seus visitants.<\/span><\/li>\n<\/ul>\n<p><span style=\"font-weight: 400;\">Segons la seva durada, les Cookies es poden classificar en:<\/span><\/p>\n<ul>\n<li style=\"font-weight: 400;\" aria-level=\"1\"><b>Cookies de sessi\u00f3<\/b><span style=\"font-weight: 400;\"> &#8211; aquestes cookies s\u00f3n de naturalesa temporal, cosa que significa que s\u2019eliminen tan bon punt es tanca el navegador o molt poc despr\u00e9s. Aquestes cookies permeten, per exemple, analitzar els patrons de cerca a Internet, cosa que permet a Powerdot identificar problemes, garantir la seguretat i oferir una millor experi\u00e8ncia de navegaci\u00f3.<\/span><\/li>\n<li style=\"font-weight: 400;\" aria-level=\"1\"><b>Cookies persistents<\/b><span style=\"font-weight: 400;\"> &#8211; aquestes cookies no s\u2019eliminen un cop tancada la sessi\u00f3 del navegador, sin\u00f3 que romanen emmagatzemades al dispositiu. S\u2019utilitzen cada cop que es visita el lloc, la qual cosa ens permet, per exemple, personalitzar l&#8217;experi\u00e8ncia i garantir un servei m\u00e9s individualitzat, tenint en compte les seves prefer\u00e8ncies.<\/span><\/li>\n<\/ul>\n<p><span style=\"font-weight: 400;\">Les cookies tamb\u00e9 es poden distingir, segons l\u2019entitat que les col\u00b7loca, com a:<\/span><\/p>\n<ul>\n<li style=\"font-weight: 400;\" aria-level=\"1\"><b>Cookies pr\u00f2pies<\/b><span style=\"font-weight: 400;\"> &#8211; s\u00f3n Cookies col\u00b7locades per Powerdot, a trav\u00e9s d\u2019equips o dominis.<\/span><\/li>\n<li style=\"font-weight: 400;\" aria-level=\"1\"><b>Cookies de tercers<\/b><span style=\"font-weight: 400;\"> &#8211; s\u00f3n cookies enviades al seu dispositiu per tercers, \u00e9s a dir, llocs web diferents dels propietaris del lloc web que est\u00e0 utilitzant.<\/span><\/li>\n<\/ul>\n<h2><b><br \/>\nHe d\u2019acceptar l\u2019\u00fas de cookies?<\/b><\/h2>\n<p><span style=\"font-weight: 400;\">Les cookies estrictament necess\u00e0ries s\u00f3n imprescindibles per al funcionament del lloc i no es poden desactivar. Per a totes les altres cookies, es necessita el seu consentiment, d\u2019acord amb els requisits del RGPD (Article 6).<\/span><\/p>\n<p><span style=\"font-weight: 400;\">Segons la legislaci\u00f3 vigent, el lloc web nom\u00e9s pot utilitzar cookies amb el consentiment expr\u00e9s de l\u2019usuari, excepte si s\u00f3n necess\u00e0ries per al servei sol\u00b7licitat. Sense l\u2019autoritzaci\u00f3 de l\u2019usuari, el lloc web no pot activar les cookies.<\/span><\/p>\n<p><span style=\"font-weight: 400;\">El consentiment es recopilar\u00e0 mitjan\u00e7ant una eina de gesti\u00f3 de cookies que permetr\u00e0 acceptar, rebutjar o personalitzar l\u2019\u00fas de cookies no essencials de manera clara i senzilla (Article 7 del RGPD). Aquesta eina estar\u00e0 accessible des del b\u00e0ner inicial de cookies, i podr\u00e0 modificar la seva elecci\u00f3 en qualsevol moment a trav\u00e9s de les opcions al peu de p\u00e0gina del lloc web.<\/span><\/p>\n<p><span style=\"font-weight: 400;\">Per obtenir m\u00e9s informaci\u00f3 sobre els per\u00edodes d\u2019emmagatzematge de les nostres cookies i les dades personals recopilades, consulti la nostra <\/span><a href=\"https:\/\/docs.google.com\/document\/d\/1stbOOJMNketAiX0RqQpDaIjibTRsWiEQ\/edit\"><span style=\"font-weight: 400;\">Pol\u00edtica de Privacitat<\/span><\/a><span style=\"font-weight: 400;\">.\u00a0<\/span><\/p>\n<p>&nbsp;<\/p>\n<h2><b>Quant de temps es conserva la informaci\u00f3 recopilada a trav\u00e9s de les cookies?<\/b><\/h2>\n<p><span style=\"font-weight: 400;\">Les dades personals recopilades s\u2019emmagatzemen durant el temps m\u00ednim necessari per complir la seva finalitat, d\u2019acord amb el principi de minimitzaci\u00f3 de dades del RGPD (Article 5(1)(c)). Els per\u00edodes d\u2019emmagatzematge s\u2019especifiquen a la nostra <\/span><a href=\"https:\/\/docs.google.com\/document\/d\/1stbOOJMNketAiX0RqQpDaIjibTRsWiEQ\/edit\"><span style=\"font-weight: 400;\">Pol\u00edtica de Privacitat<\/span><\/a><span style=\"font-weight: 400;\">.\u00a0<\/span><\/p>\n<p>&nbsp;<\/p>\n<h2><b>Puc gestionar les meves opcions de Cookies?<\/b><\/h2>\n<p><span style=\"font-weight: 400;\">S\u00ed, en qualsevol moment pot gestionar les seves prefer\u00e8ncies de cookies utilitzant l\u2019eina disponible al lloc. Tingui en compte que deshabilitar les cookies des de la configuraci\u00f3 del navegador pot afectar el funcionament del lloc.<\/span><\/p>\n<p>&nbsp;<\/p>\n<h2><b>Canvis en la Pol\u00edtica de Cookies<\/b><b><br \/>\n<\/b><\/h2>\n<p><span style=\"font-weight: 400;\">Powerdot podr\u00e0, en qualsevol moment i sense previ av\u00eds, modificar, afegir o revocar, totalment o parcialment, aquesta Pol\u00edtica. En qualsevol cas, l\u2019usuari sempre podr\u00e0 optar per no consentir l\u2019\u00fas de Cookies, sempre que no siguin Cookies estrictament necess\u00e0ries.<\/span><\/p>\n<p>&nbsp;<\/p>\n<p>&nbsp;<\/p>\n","protected":false},"excerpt":{"rendered":"<p>[Espa\u00f1ol] [Vasco] &nbsp; \u00daltima actualitzaci\u00f3: 28 d\u2019octubre de 2024 Aquesta Pol\u00edtica de Cookies explica com Powerdot utilitza la informaci\u00f3 recopilada de les cookies i altres tecnologies de seguiment disponibles al seu Lloc Web, https:\/\/powerdot.eu\/, i la seva Webapp de Pagament Adhoc, https:\/\/adhoc.pwrdt.com\/ (d\u2019ara endavant, el \u00ablloc\u00bb). Aquest lloc utilitza cookies per garantir el seu correcte [&hellip;]<\/p>\n","protected":false},"author":6,"featured_media":0,"parent":0,"menu_order":0,"comment_status":"closed","ping_status":"closed","template":"page-templates\/page-sidebar-none.php","meta":{"inline_featured_image":false,"footnotes":""},"class_list":["post-9693","page","type-page","status-publish","hentry"],"acf":[],"yoast_head":"<!-- This site is optimized with the Yoast SEO Premium plugin v23.6 (Yoast SEO v23.6) - https:\/\/yoast.com\/wordpress\/plugins\/seo\/ -->\n<title>Pol\u00edtica de cookies - Powerdot<\/title>\n<meta name=\"robots\" content=\"index, follow, max-snippet:-1, max-image-preview:large, max-video-preview:-1\" \/>\n<link rel=\"canonical\" href=\"https:\/\/powerdot.eu\/es\/politica-de-cookies-cat\" \/>\n<meta property=\"og:locale\" content=\"es_ES\" \/>\n<meta property=\"og:type\" content=\"article\" \/>\n<meta property=\"og:title\" content=\"Pol\u00edtica de cookies\" \/>\n<meta property=\"og:description\" content=\"[Espa\u00f1ol] [Vasco] &nbsp; \u00daltima actualitzaci\u00f3: 28 d\u2019octubre de 2024 Aquesta Pol\u00edtica de Cookies explica com Powerdot utilitza la informaci\u00f3 recopilada de les cookies i altres tecnologies de seguiment disponibles al seu Lloc Web, https:\/\/powerdot.eu\/, i la seva Webapp de Pagament Adhoc, https:\/\/adhoc.pwrdt.com\/ (d\u2019ara endavant, el \u00ablloc\u00bb). Aquest lloc utilitza cookies per garantir el seu correcte [&hellip;]\" \/>\n<meta property=\"og:url\" content=\"https:\/\/powerdot.eu\/es\/politica-de-cookies-cat\" \/>\n<meta property=\"og:site_name\" content=\"Powerdot\" \/>\n<meta property=\"article:modified_time\" content=\"2024-11-26T21:26:34+00:00\" \/>\n<meta name=\"twitter:card\" content=\"summary_large_image\" \/>\n<meta name=\"twitter:label1\" content=\"Tiempo de lectura\" \/>\n\t<meta name=\"twitter:data1\" content=\"5 minutos\" \/>\n<script type=\"application\/ld+json\" class=\"yoast-schema-graph\">{\"@context\":\"https:\/\/schema.org\",\"@graph\":[{\"@type\":\"WebPage\",\"@id\":\"https:\/\/powerdot.eu\/es\/politica-de-cookies-cat\",\"url\":\"https:\/\/powerdot.eu\/es\/politica-de-cookies-cat\",\"name\":\"Pol\u00edtica de cookies - Powerdot\",\"isPartOf\":{\"@id\":\"https:\/\/powerdot.eu\/es#website\"},\"datePublished\":\"2024-11-14T13:48:42+00:00\",\"dateModified\":\"2024-11-26T21:26:34+00:00\",\"breadcrumb\":{\"@id\":\"https:\/\/powerdot.eu\/es\/politica-de-cookies-cat#breadcrumb\"},\"inLanguage\":\"es\",\"potentialAction\":[{\"@type\":\"ReadAction\",\"target\":[\"https:\/\/powerdot.eu\/es\/politica-de-cookies-cat\"]}]},{\"@type\":\"BreadcrumbList\",\"@id\":\"https:\/\/powerdot.eu\/es\/politica-de-cookies-cat#breadcrumb\",\"itemListElement\":[{\"@type\":\"ListItem\",\"position\":1,\"name\":\"In\u00edcio\",\"item\":\"https:\/\/powerdot.eu\/es\"},{\"@type\":\"ListItem\",\"position\":2,\"name\":\"Pol\u00edtica de cookies\"}]},{\"@type\":\"WebSite\",\"@id\":\"https:\/\/powerdot.eu\/es#website\",\"url\":\"https:\/\/powerdot.eu\/es\",\"name\":\"Powerdot\",\"description\":\"\",\"potentialAction\":[{\"@type\":\"SearchAction\",\"target\":{\"@type\":\"EntryPoint\",\"urlTemplate\":\"https:\/\/powerdot.eu\/es?s={search_term_string}\"},\"query-input\":{\"@type\":\"PropertyValueSpecification\",\"valueRequired\":true,\"valueName\":\"search_term_string\"}}],\"inLanguage\":\"es\"}]}<\/script>\n<!-- \/ Yoast SEO Premium plugin. -->","yoast_head_json":{"title":"Pol\u00edtica de cookies - Powerdot","robots":{"index":"index","follow":"follow","max-snippet":"max-snippet:-1","max-image-preview":"max-image-preview:large","max-video-preview":"max-video-preview:-1"},"canonical":"https:\/\/powerdot.eu\/es\/politica-de-cookies-cat","og_locale":"es_ES","og_type":"article","og_title":"Pol\u00edtica de cookies","og_description":"[Espa\u00f1ol] [Vasco] &nbsp; \u00daltima actualitzaci\u00f3: 28 d\u2019octubre de 2024 Aquesta Pol\u00edtica de Cookies explica com Powerdot utilitza la informaci\u00f3 recopilada de les cookies i altres tecnologies de seguiment disponibles al seu Lloc Web, https:\/\/powerdot.eu\/, i la seva Webapp de Pagament Adhoc, https:\/\/adhoc.pwrdt.com\/ (d\u2019ara endavant, el \u00ablloc\u00bb). Aquest lloc utilitza cookies per garantir el seu correcte [&hellip;]","og_url":"https:\/\/powerdot.eu\/es\/politica-de-cookies-cat","og_site_name":"Powerdot","article_modified_time":"2024-11-26T21:26:34+00:00","twitter_card":"summary_large_image","twitter_misc":{"Tiempo de lectura":"5 minutos"},"schema":{"@context":"https:\/\/schema.org","@graph":[{"@type":"WebPage","@id":"https:\/\/powerdot.eu\/es\/politica-de-cookies-cat","url":"https:\/\/powerdot.eu\/es\/politica-de-cookies-cat","name":"Pol\u00edtica de cookies - Powerdot","isPartOf":{"@id":"https:\/\/powerdot.eu\/es#website"},"datePublished":"2024-11-14T13:48:42+00:00","dateModified":"2024-11-26T21:26:34+00:00","breadcrumb":{"@id":"https:\/\/powerdot.eu\/es\/politica-de-cookies-cat#breadcrumb"},"inLanguage":"es","potentialAction":[{"@type":"ReadAction","target":["https:\/\/powerdot.eu\/es\/politica-de-cookies-cat"]}]},{"@type":"BreadcrumbList","@id":"https:\/\/powerdot.eu\/es\/politica-de-cookies-cat#breadcrumb","itemListElement":[{"@type":"ListItem","position":1,"name":"In\u00edcio","item":"https:\/\/powerdot.eu\/es"},{"@type":"ListItem","position":2,"name":"Pol\u00edtica de cookies"}]},{"@type":"WebSite","@id":"https:\/\/powerdot.eu\/es#website","url":"https:\/\/powerdot.eu\/es","name":"Powerdot","description":"","potentialAction":[{"@type":"SearchAction","target":{"@type":"EntryPoint","urlTemplate":"https:\/\/powerdot.eu\/es?s={search_term_string}"},"query-input":{"@type":"PropertyValueSpecification","valueRequired":true,"valueName":"search_term_string"}}],"inLanguage":"es"}]}},"_links":{"self":[{"href":"https:\/\/powerdot.eu\/es\/wp-json\/wp\/v2\/pages\/9693"}],"collection":[{"href":"https:\/\/powerdot.eu\/es\/wp-json\/wp\/v2\/pages"}],"about":[{"href":"https:\/\/powerdot.eu\/es\/wp-json\/wp\/v2\/types\/page"}],"author":[{"embeddable":true,"href":"https:\/\/powerdot.eu\/es\/wp-json\/wp\/v2\/users\/6"}],"replies":[{"embeddable":true,"href":"https:\/\/powerdot.eu\/es\/wp-json\/wp\/v2\/comments?post=9693"}],"version-history":[{"count":9,"href":"https:\/\/powerdot.eu\/es\/wp-json\/wp\/v2\/pages\/9693\/revisions"}],"predecessor-version":[{"id":10035,"href":"https:\/\/powerdot.eu\/es\/wp-json\/wp\/v2\/pages\/9693\/revisions\/10035"}],"wp:attachment":[{"href":"https:\/\/powerdot.eu\/es\/wp-json\/wp\/v2\/media?parent=9693"}],"curies":[{"name":"wp","href":"https:\/\/api.w.org\/{rel}","templated":true}]}}