{"id":7103,"date":"2024-04-08T10:06:18","date_gmt":"2024-04-08T10:06:18","guid":{"rendered":"https:\/\/powerdot.eu\/?page_id=7103"},"modified":"2024-04-08T10:10:49","modified_gmt":"2024-04-08T10:10:49","slug":"aviso-importante-cuidado-con-los-intentos-de-phishing","status":"publish","type":"page","link":"https:\/\/www.powerdot.eu\/es\/aviso-importante-cuidado-con-los-intentos-de-phishing","title":{"rendered":"Aviso importante: Cuidado con los intentos de phishing"},"content":{"rendered":"<h5><\/h5>\n<h5><span style=\"font-weight: 400;\">Estimados clientes y socios,<\/span><\/h5>\n<p><span style=\"font-weight: 400;\">Hemos tenido conocimiento de actividades fraudulentas dirigidas a nuestros clientes y socios a trav\u00e9s de dominios falsos y fuentes que afirman estar asociadas con Powerdot. Estas entidades no autorizadas intentan enga\u00f1ar a las personas para que proporcionen informaci\u00f3n confidencial o participen en acciones perjudiciales.<\/span><\/p>\n<p><span style=\"font-weight: 400;\">Tenga en cuenta que nuestros dominios oficiales son:<\/span><\/p>\n<ul>\n<li><span style=\"font-weight: 400;\">powerdot.eu<\/span><\/li>\n<li><span style=\"font-weight: 400;\">powerdot.pt<\/span><\/li>\n<li><span style=\"font-weight: 400;\">powerdot.fr<\/span><\/li>\n<li><span style=\"font-weight: 400;\">powerdot.es<\/span><\/li>\n<li><span style=\"font-weight: 400;\">powerdot.pl<\/span><\/li>\n<li><span style=\"font-weight: 400;\">powerdot.be<\/span><\/li>\n<li><span style=\"font-weight: 400;\">pwrdt.com<\/span><\/li>\n<\/ul>\n<p><span style=\"font-weight: 400;\">Toda comunicaci\u00f3n que afirme proceder de Powerdot pero se origine en dominios distintos de los indicados anteriormente debe considerarse sospechosa e ignorarse. No realizamos negocios ni nos comunicamos a trav\u00e9s de canales no oficiales.<\/span><\/p>\n<p><span style=\"font-weight: 400;\">Para salvaguardar su informaci\u00f3n personal y financiera, le instamos a que act\u00fae con cautela y verifique la legitimidad de cualquier comunicaci\u00f3n que supuestamente provenga de Powerdot. Si recibe correos electr\u00f3nicos, mensajes o llamadas sospechosas, abst\u00e9ngase de hacer clic en los enlaces o de facilitar informaci\u00f3n personal.<\/span><\/p>\n<p><span style=\"font-weight: 400;\">Para cualquier duda o consulta sobre la autenticidad de una comunicaci\u00f3n de Powerdot, p\u00f3ngase en contacto inmediatamente con nuestro servicio de atenci\u00f3n al cliente (geral@powerdot.eu).<\/span><\/p>\n<p><span style=\"font-weight: 400;\">Gracias por su ayuda en la prevenci\u00f3n de actividades fraudulentas y en la protecci\u00f3n de la integridad de nuestra marca.<\/span><\/p>\n<p><span style=\"font-weight: 400;\">Atentamente,<\/span><\/p>\n<h5><span style=\"font-weight: 400;\">El equipo de Powerdot<\/span><\/h5>\n","protected":false},"excerpt":{"rendered":"<p>Estimados clientes y socios, Hemos tenido conocimiento de actividades fraudulentas dirigidas a nuestros clientes y socios a trav\u00e9s de dominios falsos y fuentes que afirman estar asociadas con Powerdot. Estas entidades no autorizadas intentan enga\u00f1ar a las personas para que proporcionen informaci\u00f3n confidencial o participen en acciones perjudiciales. Tenga en cuenta que nuestros dominios oficiales [&hellip;]<\/p>\n","protected":false},"author":6,"featured_media":0,"parent":0,"menu_order":0,"comment_status":"closed","ping_status":"closed","template":"page-templates\/page-sidebar-none.php","meta":{"inline_featured_image":false,"footnotes":""},"class_list":["post-7103","page","type-page","status-publish","hentry"],"acf":[],"yoast_head":"<!-- This site is optimized with the Yoast SEO Premium plugin v23.6 (Yoast SEO v23.6) - https:\/\/yoast.com\/wordpress\/plugins\/seo\/ -->\n<title>Aviso importante: Cuidado con los intentos de phishing - Powerdot<\/title>\n<meta name=\"robots\" content=\"index, follow, max-snippet:-1, max-image-preview:large, max-video-preview:-1\" \/>\n<link rel=\"canonical\" href=\"https:\/\/www.powerdot.eu\/es\/aviso-importante-cuidado-con-los-intentos-de-phishing\" \/>\n<meta property=\"og:locale\" content=\"es_ES\" \/>\n<meta property=\"og:type\" content=\"article\" \/>\n<meta property=\"og:title\" content=\"Aviso importante: Cuidado con los intentos de phishing\" \/>\n<meta property=\"og:description\" content=\"Estimados clientes y socios, Hemos tenido conocimiento de actividades fraudulentas dirigidas a nuestros clientes y socios a trav\u00e9s de dominios falsos y fuentes que afirman estar asociadas con Powerdot. Estas entidades no autorizadas intentan enga\u00f1ar a las personas para que proporcionen informaci\u00f3n confidencial o participen en acciones perjudiciales. Tenga en cuenta que nuestros dominios oficiales [&hellip;]\" \/>\n<meta property=\"og:url\" content=\"https:\/\/www.powerdot.eu\/es\/aviso-importante-cuidado-con-los-intentos-de-phishing\" \/>\n<meta property=\"og:site_name\" content=\"Powerdot\" \/>\n<meta property=\"article:modified_time\" content=\"2024-04-08T10:10:49+00:00\" \/>\n<meta name=\"twitter:card\" content=\"summary_large_image\" \/>\n<meta name=\"twitter:label1\" content=\"Tiempo de lectura\" \/>\n\t<meta name=\"twitter:data1\" content=\"2 minutos\" \/>\n<script type=\"application\/ld+json\" class=\"yoast-schema-graph\">{\"@context\":\"https:\/\/schema.org\",\"@graph\":[{\"@type\":\"WebPage\",\"@id\":\"https:\/\/www.powerdot.eu\/es\/aviso-importante-cuidado-con-los-intentos-de-phishing\",\"url\":\"https:\/\/www.powerdot.eu\/es\/aviso-importante-cuidado-con-los-intentos-de-phishing\",\"name\":\"Aviso importante: Cuidado con los intentos de phishing - Powerdot\",\"isPartOf\":{\"@id\":\"https:\/\/powerdot.eu\/en#website\"},\"datePublished\":\"2024-04-08T10:06:18+00:00\",\"dateModified\":\"2024-04-08T10:10:49+00:00\",\"breadcrumb\":{\"@id\":\"https:\/\/www.powerdot.eu\/es\/aviso-importante-cuidado-con-los-intentos-de-phishing#breadcrumb\"},\"inLanguage\":\"es\",\"potentialAction\":[{\"@type\":\"ReadAction\",\"target\":[\"https:\/\/www.powerdot.eu\/es\/aviso-importante-cuidado-con-los-intentos-de-phishing\"]}]},{\"@type\":\"BreadcrumbList\",\"@id\":\"https:\/\/www.powerdot.eu\/es\/aviso-importante-cuidado-con-los-intentos-de-phishing#breadcrumb\",\"itemListElement\":[{\"@type\":\"ListItem\",\"position\":1,\"name\":\"In\u00edcio\",\"item\":\"https:\/\/powerdot.eu\/es\"},{\"@type\":\"ListItem\",\"position\":2,\"name\":\"Aviso importante: Cuidado con los intentos de phishing\"}]},{\"@type\":\"WebSite\",\"@id\":\"https:\/\/powerdot.eu\/en#website\",\"url\":\"https:\/\/powerdot.eu\/en\",\"name\":\"Powerdot\",\"description\":\"\",\"potentialAction\":[{\"@type\":\"SearchAction\",\"target\":{\"@type\":\"EntryPoint\",\"urlTemplate\":\"https:\/\/powerdot.eu\/en?s={search_term_string}\"},\"query-input\":{\"@type\":\"PropertyValueSpecification\",\"valueRequired\":true,\"valueName\":\"search_term_string\"}}],\"inLanguage\":\"es\"}]}<\/script>\n<!-- \/ Yoast SEO Premium plugin. -->","yoast_head_json":{"title":"Aviso importante: Cuidado con los intentos de phishing - Powerdot","robots":{"index":"index","follow":"follow","max-snippet":"max-snippet:-1","max-image-preview":"max-image-preview:large","max-video-preview":"max-video-preview:-1"},"canonical":"https:\/\/www.powerdot.eu\/es\/aviso-importante-cuidado-con-los-intentos-de-phishing","og_locale":"es_ES","og_type":"article","og_title":"Aviso importante: Cuidado con los intentos de phishing","og_description":"Estimados clientes y socios, Hemos tenido conocimiento de actividades fraudulentas dirigidas a nuestros clientes y socios a trav\u00e9s de dominios falsos y fuentes que afirman estar asociadas con Powerdot. Estas entidades no autorizadas intentan enga\u00f1ar a las personas para que proporcionen informaci\u00f3n confidencial o participen en acciones perjudiciales. Tenga en cuenta que nuestros dominios oficiales [&hellip;]","og_url":"https:\/\/www.powerdot.eu\/es\/aviso-importante-cuidado-con-los-intentos-de-phishing","og_site_name":"Powerdot","article_modified_time":"2024-04-08T10:10:49+00:00","twitter_card":"summary_large_image","twitter_misc":{"Tiempo de lectura":"2 minutos"},"schema":{"@context":"https:\/\/schema.org","@graph":[{"@type":"WebPage","@id":"https:\/\/www.powerdot.eu\/es\/aviso-importante-cuidado-con-los-intentos-de-phishing","url":"https:\/\/www.powerdot.eu\/es\/aviso-importante-cuidado-con-los-intentos-de-phishing","name":"Aviso importante: Cuidado con los intentos de phishing - Powerdot","isPartOf":{"@id":"https:\/\/powerdot.eu\/en#website"},"datePublished":"2024-04-08T10:06:18+00:00","dateModified":"2024-04-08T10:10:49+00:00","breadcrumb":{"@id":"https:\/\/www.powerdot.eu\/es\/aviso-importante-cuidado-con-los-intentos-de-phishing#breadcrumb"},"inLanguage":"es","potentialAction":[{"@type":"ReadAction","target":["https:\/\/www.powerdot.eu\/es\/aviso-importante-cuidado-con-los-intentos-de-phishing"]}]},{"@type":"BreadcrumbList","@id":"https:\/\/www.powerdot.eu\/es\/aviso-importante-cuidado-con-los-intentos-de-phishing#breadcrumb","itemListElement":[{"@type":"ListItem","position":1,"name":"In\u00edcio","item":"https:\/\/powerdot.eu\/es"},{"@type":"ListItem","position":2,"name":"Aviso importante: Cuidado con los intentos de phishing"}]},{"@type":"WebSite","@id":"https:\/\/powerdot.eu\/en#website","url":"https:\/\/powerdot.eu\/en","name":"Powerdot","description":"","potentialAction":[{"@type":"SearchAction","target":{"@type":"EntryPoint","urlTemplate":"https:\/\/powerdot.eu\/en?s={search_term_string}"},"query-input":{"@type":"PropertyValueSpecification","valueRequired":true,"valueName":"search_term_string"}}],"inLanguage":"es"}]}},"_links":{"self":[{"href":"https:\/\/www.powerdot.eu\/es\/wp-json\/wp\/v2\/pages\/7103"}],"collection":[{"href":"https:\/\/www.powerdot.eu\/es\/wp-json\/wp\/v2\/pages"}],"about":[{"href":"https:\/\/www.powerdot.eu\/es\/wp-json\/wp\/v2\/types\/page"}],"author":[{"embeddable":true,"href":"https:\/\/www.powerdot.eu\/es\/wp-json\/wp\/v2\/users\/6"}],"replies":[{"embeddable":true,"href":"https:\/\/www.powerdot.eu\/es\/wp-json\/wp\/v2\/comments?post=7103"}],"version-history":[{"count":4,"href":"https:\/\/www.powerdot.eu\/es\/wp-json\/wp\/v2\/pages\/7103\/revisions"}],"predecessor-version":[{"id":7110,"href":"https:\/\/www.powerdot.eu\/es\/wp-json\/wp\/v2\/pages\/7103\/revisions\/7110"}],"wp:attachment":[{"href":"https:\/\/www.powerdot.eu\/es\/wp-json\/wp\/v2\/media?parent=7103"}],"curies":[{"name":"wp","href":"https:\/\/api.w.org\/{rel}","templated":true}]}}