{"id":26013,"date":"2025-06-12T16:06:32","date_gmt":"2025-06-12T16:06:32","guid":{"rendered":"https:\/\/www.powerdot.eu\/?page_id=26013"},"modified":"2025-06-12T16:06:32","modified_gmt":"2025-06-12T16:06:32","slug":"aviso-de-privacidad-programa-de-descuento-para-carga-de-flotas","status":"publish","type":"page","link":"https:\/\/www.powerdot.eu\/es\/aviso-de-privacidad-programa-de-descuento-para-carga-de-flotas","title":{"rendered":"Aviso de Privacidad \u2013 Programa de Descuento para Carga de Flotas"},"content":{"rendered":"<h3>1. \u00bfQui\u00e9n es responsable de tus datos?<\/h3>\n<p>Power\u202fDot\u202fSA, una empresa constituida conforme a las leyes de Portugal, registrada con el n\u00famero PT514\u202f790\u202f342, con domicilio social en Rua Mouzinho da Silveira\u202f15, 1250\u2011166\u202fLisboa (\u00abPower\u202fDot\u00bb o \u00abnosotros\u00bb), es el \u00fanico responsable del tratamiento de los datos descrito en este aviso.<br \/>\nEl socio comercial que comparti\u00f3 el enlace a este formulario (el \u00abSocio\u00bb) simplemente promociona la oferta a conductores elegibles y no recibe ni trata ning\u00fan dato personal recopilado a trav\u00e9s de este formulario.<\/p>\n<h3>2. \u00bfQu\u00e9 datos recopilamos?<\/h3>\n<ul>\n<li>Nombre y apellidos<\/li>\n<li>Direcci\u00f3n de correo electr\u00f3nico<\/li>\n<\/ul>\n<h3>3. \u00bfPor qu\u00e9 utilizamos tus datos?<\/h3>\n<h3><img loading=\"lazy\" decoding=\"async\" class=\"alignnone wp-image-26014 size-large\" src=\"https:\/\/www.powerdot.eu\/wp-content\/uploads\/2025\/06\/Captura-de-Tela-2025-06-12-as-17.05.28-1024x415.png\" alt=\"\" width=\"640\" height=\"259\" srcset=\"https:\/\/www.powerdot.eu\/wp-content\/uploads\/2025\/06\/Captura-de-Tela-2025-06-12-as-17.05.28-1024x415.png 1024w, https:\/\/www.powerdot.eu\/wp-content\/uploads\/2025\/06\/Captura-de-Tela-2025-06-12-as-17.05.28-300x122.png 300w, https:\/\/www.powerdot.eu\/wp-content\/uploads\/2025\/06\/Captura-de-Tela-2025-06-12-as-17.05.28-768x311.png 768w, https:\/\/www.powerdot.eu\/wp-content\/uploads\/2025\/06\/Captura-de-Tela-2025-06-12-as-17.05.28.png 1218w\" sizes=\"(max-width: 640px) 100vw, 640px\" \/><\/h3>\n<h3>4. \u00bfQui\u00e9n puede acceder a tus datos?<\/h3>\n<p>Octopus Electroverse recibe tu nombre y correo electr\u00f3nico \u00fanicamente para asociar tu cuenta reci\u00e9n creada con la lista de descuentos. Octopus act\u00faa como responsable del tratamiento independiente.<br \/>\nTally (centro de datos en la UE) aloja las respuestas del formulario como nuestro encargado del tratamiento.<br \/>\nNing\u00fan otro tercero recibe tus datos. No se prev\u00e9n transferencias fuera del Espacio Econ\u00f3mico Europeo. Si fuera necesaria dicha transferencia, utilizaremos las Cl\u00e1usulas Contractuales Tipo de la UE.<\/p>\n<h3>5. \u00bfDurante cu\u00e1nto tiempo conservamos tus datos?<\/h3>\n<p>Lista de descuentos: se elimina o anonimiza 12 meses despu\u00e9s de que finalice la campa\u00f1a.<br \/>\nLista de marketing: se conserva hasta que retires el consentimiento o despu\u00e9s de 3 a\u00f1os de inactividad, lo que ocurra primero.<br \/>\nLas copias de seguridad siguen las mismas reglas de conservaci\u00f3n.<\/p>\n<h3>6. Tus derechos<\/h3>\n<p>Puedes ejercer los derechos de acceso, rectificaci\u00f3n, supresi\u00f3n, limitaci\u00f3n, oposici\u00f3n y portabilidad escribiendo a:<br \/>\nsupport@powerdot.eu<\/p>\n<p>O por correo postal a:<br \/>\nPower Dot SA<br \/>\nRua Carlos Alberto da Mota Pinto n.\u00ba 17, 6B<br \/>\n1070-313, Lisboa, Portugal<\/p>\n<h3>7. Medidas de seguridad<\/h3>\n<p>Hemos implementado medidas t\u00e9cnicas y organizativas de seguridad adecuadas, dise\u00f1adas para proteger la seguridad de cualquier informaci\u00f3n personal que tratemos, en particular contra su destrucci\u00f3n, acceso y alteraci\u00f3n no autorizados, incluyendo: cifrado de datos para la transmisi\u00f3n y el almacenamiento, control de accesos a los datos, uso de firmas digitales y la implementaci\u00f3n de procesos de monitorizaci\u00f3n y auditor\u00edas.<\/p>\n<h4>Recuerda: usa esta misma direcci\u00f3n de correo electr\u00f3nico al crear tu cuenta en Octopus Electroverse para que tu descuento se active autom\u00e1ticamente.<\/h4>\n<p>&nbsp;<\/p>\n<p>&nbsp;<\/p>\n","protected":false},"excerpt":{"rendered":"<p>1. \u00bfQui\u00e9n es responsable de tus datos? Power\u202fDot\u202fSA, una empresa constituida conforme a las leyes de Portugal, registrada con el n\u00famero PT514\u202f790\u202f342, con domicilio social en Rua Mouzinho da Silveira\u202f15, 1250\u2011166\u202fLisboa (\u00abPower\u202fDot\u00bb o \u00abnosotros\u00bb), es el \u00fanico responsable del tratamiento de los datos descrito en este aviso. El socio comercial que comparti\u00f3 el enlace a [&hellip;]<\/p>\n","protected":false},"author":6,"featured_media":0,"parent":0,"menu_order":0,"comment_status":"closed","ping_status":"closed","template":"page-templates\/page-sidebar-none.php","meta":{"inline_featured_image":false,"footnotes":""},"class_list":["post-26013","page","type-page","status-publish","hentry"],"acf":[],"yoast_head":"<!-- This site is optimized with the Yoast SEO Premium plugin v23.6 (Yoast SEO v23.6) - https:\/\/yoast.com\/wordpress\/plugins\/seo\/ -->\n<title>Aviso de Privacidad \u2013 Programa de Descuento para Carga de Flotas - Powerdot<\/title>\n<meta name=\"robots\" content=\"index, follow, max-snippet:-1, max-image-preview:large, max-video-preview:-1\" \/>\n<link rel=\"canonical\" href=\"https:\/\/www.powerdot.eu\/es\/aviso-de-privacidad-programa-de-descuento-para-carga-de-flotas\" \/>\n<meta property=\"og:locale\" content=\"es_ES\" \/>\n<meta property=\"og:type\" content=\"article\" \/>\n<meta property=\"og:title\" content=\"Aviso de Privacidad \u2013 Programa de Descuento para Carga de Flotas\" \/>\n<meta property=\"og:description\" content=\"1. \u00bfQui\u00e9n es responsable de tus datos? Power\u202fDot\u202fSA, una empresa constituida conforme a las leyes de Portugal, registrada con el n\u00famero PT514\u202f790\u202f342, con domicilio social en Rua Mouzinho da Silveira\u202f15, 1250\u2011166\u202fLisboa (\u00abPower\u202fDot\u00bb o \u00abnosotros\u00bb), es el \u00fanico responsable del tratamiento de los datos descrito en este aviso. El socio comercial que comparti\u00f3 el enlace a [&hellip;]\" \/>\n<meta property=\"og:url\" content=\"https:\/\/www.powerdot.eu\/es\/aviso-de-privacidad-programa-de-descuento-para-carga-de-flotas\" \/>\n<meta property=\"og:site_name\" content=\"Powerdot\" \/>\n<meta property=\"og:image\" content=\"https:\/\/www.powerdot.eu\/wp-content\/uploads\/2025\/06\/Captura-de-Tela-2025-06-12-as-17.05.28-1024x415.png\" \/>\n<meta name=\"twitter:card\" content=\"summary_large_image\" \/>\n<meta name=\"twitter:label1\" content=\"Tiempo de lectura\" \/>\n\t<meta name=\"twitter:data1\" content=\"3 minutos\" \/>\n<script type=\"application\/ld+json\" class=\"yoast-schema-graph\">{\"@context\":\"https:\/\/schema.org\",\"@graph\":[{\"@type\":\"WebPage\",\"@id\":\"https:\/\/www.powerdot.eu\/es\/aviso-de-privacidad-programa-de-descuento-para-carga-de-flotas\",\"url\":\"https:\/\/www.powerdot.eu\/es\/aviso-de-privacidad-programa-de-descuento-para-carga-de-flotas\",\"name\":\"Aviso de Privacidad \u2013 Programa de Descuento para Carga de Flotas - Powerdot\",\"isPartOf\":{\"@id\":\"https:\/\/powerdot.eu\/#website\"},\"primaryImageOfPage\":{\"@id\":\"https:\/\/www.powerdot.eu\/es\/aviso-de-privacidad-programa-de-descuento-para-carga-de-flotas#primaryimage\"},\"image\":{\"@id\":\"https:\/\/www.powerdot.eu\/es\/aviso-de-privacidad-programa-de-descuento-para-carga-de-flotas#primaryimage\"},\"thumbnailUrl\":\"https:\/\/www.powerdot.eu\/wp-content\/uploads\/2025\/06\/Captura-de-Tela-2025-06-12-as-17.05.28-1024x415.png\",\"datePublished\":\"2025-06-12T16:06:32+00:00\",\"dateModified\":\"2025-06-12T16:06:32+00:00\",\"breadcrumb\":{\"@id\":\"https:\/\/www.powerdot.eu\/es\/aviso-de-privacidad-programa-de-descuento-para-carga-de-flotas#breadcrumb\"},\"inLanguage\":\"es\",\"potentialAction\":[{\"@type\":\"ReadAction\",\"target\":[\"https:\/\/www.powerdot.eu\/es\/aviso-de-privacidad-programa-de-descuento-para-carga-de-flotas\"]}]},{\"@type\":\"ImageObject\",\"inLanguage\":\"es\",\"@id\":\"https:\/\/www.powerdot.eu\/es\/aviso-de-privacidad-programa-de-descuento-para-carga-de-flotas#primaryimage\",\"url\":\"https:\/\/www.powerdot.eu\/wp-content\/uploads\/2025\/06\/Captura-de-Tela-2025-06-12-as-17.05.28-1024x415.png\",\"contentUrl\":\"https:\/\/www.powerdot.eu\/wp-content\/uploads\/2025\/06\/Captura-de-Tela-2025-06-12-as-17.05.28-1024x415.png\"},{\"@type\":\"BreadcrumbList\",\"@id\":\"https:\/\/www.powerdot.eu\/es\/aviso-de-privacidad-programa-de-descuento-para-carga-de-flotas#breadcrumb\",\"itemListElement\":[{\"@type\":\"ListItem\",\"position\":1,\"name\":\"In\u00edcio\",\"item\":\"https:\/\/powerdot.eu\/es\"},{\"@type\":\"ListItem\",\"position\":2,\"name\":\"Aviso de Privacidad \u2013 Programa de Descuento para Carga de Flotas\"}]},{\"@type\":\"WebSite\",\"@id\":\"https:\/\/powerdot.eu\/#website\",\"url\":\"https:\/\/powerdot.eu\/\",\"name\":\"Powerdot\",\"description\":\"\",\"potentialAction\":[{\"@type\":\"SearchAction\",\"target\":{\"@type\":\"EntryPoint\",\"urlTemplate\":\"https:\/\/powerdot.eu\/?s={search_term_string}\"},\"query-input\":{\"@type\":\"PropertyValueSpecification\",\"valueRequired\":true,\"valueName\":\"search_term_string\"}}],\"inLanguage\":\"es\"}]}<\/script>\n<!-- \/ Yoast SEO Premium plugin. -->","yoast_head_json":{"title":"Aviso de Privacidad \u2013 Programa de Descuento para Carga de Flotas - Powerdot","robots":{"index":"index","follow":"follow","max-snippet":"max-snippet:-1","max-image-preview":"max-image-preview:large","max-video-preview":"max-video-preview:-1"},"canonical":"https:\/\/www.powerdot.eu\/es\/aviso-de-privacidad-programa-de-descuento-para-carga-de-flotas","og_locale":"es_ES","og_type":"article","og_title":"Aviso de Privacidad \u2013 Programa de Descuento para Carga de Flotas","og_description":"1. \u00bfQui\u00e9n es responsable de tus datos? Power\u202fDot\u202fSA, una empresa constituida conforme a las leyes de Portugal, registrada con el n\u00famero PT514\u202f790\u202f342, con domicilio social en Rua Mouzinho da Silveira\u202f15, 1250\u2011166\u202fLisboa (\u00abPower\u202fDot\u00bb o \u00abnosotros\u00bb), es el \u00fanico responsable del tratamiento de los datos descrito en este aviso. El socio comercial que comparti\u00f3 el enlace a [&hellip;]","og_url":"https:\/\/www.powerdot.eu\/es\/aviso-de-privacidad-programa-de-descuento-para-carga-de-flotas","og_site_name":"Powerdot","og_image":[{"url":"https:\/\/www.powerdot.eu\/wp-content\/uploads\/2025\/06\/Captura-de-Tela-2025-06-12-as-17.05.28-1024x415.png"}],"twitter_card":"summary_large_image","twitter_misc":{"Tiempo de lectura":"3 minutos"},"schema":{"@context":"https:\/\/schema.org","@graph":[{"@type":"WebPage","@id":"https:\/\/www.powerdot.eu\/es\/aviso-de-privacidad-programa-de-descuento-para-carga-de-flotas","url":"https:\/\/www.powerdot.eu\/es\/aviso-de-privacidad-programa-de-descuento-para-carga-de-flotas","name":"Aviso de Privacidad \u2013 Programa de Descuento para Carga de Flotas - Powerdot","isPartOf":{"@id":"https:\/\/powerdot.eu\/#website"},"primaryImageOfPage":{"@id":"https:\/\/www.powerdot.eu\/es\/aviso-de-privacidad-programa-de-descuento-para-carga-de-flotas#primaryimage"},"image":{"@id":"https:\/\/www.powerdot.eu\/es\/aviso-de-privacidad-programa-de-descuento-para-carga-de-flotas#primaryimage"},"thumbnailUrl":"https:\/\/www.powerdot.eu\/wp-content\/uploads\/2025\/06\/Captura-de-Tela-2025-06-12-as-17.05.28-1024x415.png","datePublished":"2025-06-12T16:06:32+00:00","dateModified":"2025-06-12T16:06:32+00:00","breadcrumb":{"@id":"https:\/\/www.powerdot.eu\/es\/aviso-de-privacidad-programa-de-descuento-para-carga-de-flotas#breadcrumb"},"inLanguage":"es","potentialAction":[{"@type":"ReadAction","target":["https:\/\/www.powerdot.eu\/es\/aviso-de-privacidad-programa-de-descuento-para-carga-de-flotas"]}]},{"@type":"ImageObject","inLanguage":"es","@id":"https:\/\/www.powerdot.eu\/es\/aviso-de-privacidad-programa-de-descuento-para-carga-de-flotas#primaryimage","url":"https:\/\/www.powerdot.eu\/wp-content\/uploads\/2025\/06\/Captura-de-Tela-2025-06-12-as-17.05.28-1024x415.png","contentUrl":"https:\/\/www.powerdot.eu\/wp-content\/uploads\/2025\/06\/Captura-de-Tela-2025-06-12-as-17.05.28-1024x415.png"},{"@type":"BreadcrumbList","@id":"https:\/\/www.powerdot.eu\/es\/aviso-de-privacidad-programa-de-descuento-para-carga-de-flotas#breadcrumb","itemListElement":[{"@type":"ListItem","position":1,"name":"In\u00edcio","item":"https:\/\/powerdot.eu\/es"},{"@type":"ListItem","position":2,"name":"Aviso de Privacidad \u2013 Programa de Descuento para Carga de Flotas"}]},{"@type":"WebSite","@id":"https:\/\/powerdot.eu\/#website","url":"https:\/\/powerdot.eu\/","name":"Powerdot","description":"","potentialAction":[{"@type":"SearchAction","target":{"@type":"EntryPoint","urlTemplate":"https:\/\/powerdot.eu\/?s={search_term_string}"},"query-input":{"@type":"PropertyValueSpecification","valueRequired":true,"valueName":"search_term_string"}}],"inLanguage":"es"}]}},"_links":{"self":[{"href":"https:\/\/www.powerdot.eu\/es\/wp-json\/wp\/v2\/pages\/26013"}],"collection":[{"href":"https:\/\/www.powerdot.eu\/es\/wp-json\/wp\/v2\/pages"}],"about":[{"href":"https:\/\/www.powerdot.eu\/es\/wp-json\/wp\/v2\/types\/page"}],"author":[{"embeddable":true,"href":"https:\/\/www.powerdot.eu\/es\/wp-json\/wp\/v2\/users\/6"}],"replies":[{"embeddable":true,"href":"https:\/\/www.powerdot.eu\/es\/wp-json\/wp\/v2\/comments?post=26013"}],"version-history":[{"count":2,"href":"https:\/\/www.powerdot.eu\/es\/wp-json\/wp\/v2\/pages\/26013\/revisions"}],"predecessor-version":[{"id":26021,"href":"https:\/\/www.powerdot.eu\/es\/wp-json\/wp\/v2\/pages\/26013\/revisions\/26021"}],"wp:attachment":[{"href":"https:\/\/www.powerdot.eu\/es\/wp-json\/wp\/v2\/media?parent=26013"}],"curies":[{"name":"wp","href":"https:\/\/api.w.org\/{rel}","templated":true}]}}