{"id":7616,"date":"2023-10-02T19:52:53","date_gmt":"2023-10-02T19:52:53","guid":{"rendered":"https:\/\/powerdot.eu\/onze-oplossingen\/supermarches"},"modified":"2024-05-31T11:10:28","modified_gmt":"2024-05-31T11:10:28","slug":"supermarkten","status":"publish","type":"page","link":"https:\/\/powerdot.eu\/be\/onze-oplossingen\/supermarkten","title":{"rendered":"Supermarkten"},"content":{"rendered":"","protected":false},"excerpt":{"rendered":"","protected":false},"author":6,"featured_media":0,"parent":7596,"menu_order":0,"comment_status":"closed","ping_status":"closed","template":"page-solutions.php","meta":{"inline_featured_image":false,"footnotes":""},"class_list":["post-7616","page","type-page","status-publish","hentry"],"acf":[],"yoast_head":"<!-- This site is optimized with the Yoast SEO Premium plugin v23.6 (Yoast SEO v23.6) - https:\/\/yoast.com\/wordpress\/plugins\/seo\/ -->\n<title>Supermarkten - Powerdot<\/title>\n<meta name=\"description\" content=\"Avec le nombre croissant de clients qui optent pour des voitures \u00e9lectriques, le fait de proposer une borne de recharge pratique et fiable peut \u00eatre un v\u00e9ritable atout concurrentiel.\" \/>\n<meta name=\"robots\" content=\"noindex, follow\" \/>\n<meta property=\"og:locale\" content=\"nl_NL\" \/>\n<meta property=\"og:type\" content=\"article\" \/>\n<meta property=\"og:title\" content=\"Supermarkten\" \/>\n<meta property=\"og:description\" content=\"Avec le nombre croissant de clients qui optent pour des voitures \u00e9lectriques, le fait de proposer une borne de recharge pratique et fiable peut \u00eatre un v\u00e9ritable atout concurrentiel.\" \/>\n<meta property=\"og:url\" content=\"https:\/\/powerdot.eu\/be\/onze-oplossingen\/supermarkten\" \/>\n<meta property=\"og:site_name\" content=\"Powerdot\" \/>\n<meta property=\"article:modified_time\" content=\"2024-05-31T11:10:28+00:00\" \/>\n<meta name=\"twitter:card\" content=\"summary_large_image\" \/>\n<meta name=\"twitter:label1\" content=\"Est. reading time\" \/>\n\t<meta name=\"twitter:data1\" content=\"3 minutes\" \/>\n<script type=\"application\/ld+json\" class=\"yoast-schema-graph\">{\"@context\":\"https:\/\/schema.org\",\"@graph\":[{\"@type\":\"WebPage\",\"@id\":\"https:\/\/powerdot.eu\/be\/onze-oplossingen\/supermarkten\",\"url\":\"https:\/\/powerdot.eu\/be\/onze-oplossingen\/supermarkten\",\"name\":\"Supermarkten - Powerdot\",\"isPartOf\":{\"@id\":\"https:\/\/powerdot.eu\/be#website\"},\"datePublished\":\"2023-10-02T19:52:53+00:00\",\"dateModified\":\"2024-05-31T11:10:28+00:00\",\"description\":\"Avec le nombre croissant de clients qui optent pour des voitures \u00e9lectriques, le fait de proposer une borne de recharge pratique et fiable peut \u00eatre un v\u00e9ritable atout concurrentiel.\",\"breadcrumb\":{\"@id\":\"https:\/\/powerdot.eu\/be\/onze-oplossingen\/supermarkten#breadcrumb\"},\"inLanguage\":\"nl-be\",\"potentialAction\":[{\"@type\":\"ReadAction\",\"target\":[\"https:\/\/powerdot.eu\/be\/onze-oplossingen\/supermarkten\"]}]},{\"@type\":\"BreadcrumbList\",\"@id\":\"https:\/\/powerdot.eu\/be\/onze-oplossingen\/supermarkten#breadcrumb\",\"itemListElement\":[{\"@type\":\"ListItem\",\"position\":1,\"name\":\"In\u00edcio\",\"item\":\"https:\/\/www.powerdot.eu\/be\"},{\"@type\":\"ListItem\",\"position\":2,\"name\":\"Onze oplossingen\",\"item\":\"https:\/\/52.16.203.169\/be\/onze-oplossingen\"},{\"@type\":\"ListItem\",\"position\":3,\"name\":\"Supermarkten\"}]},{\"@type\":\"WebSite\",\"@id\":\"https:\/\/powerdot.eu\/be#website\",\"url\":\"https:\/\/powerdot.eu\/be\",\"name\":\"Powerdot\",\"description\":\"\",\"potentialAction\":[{\"@type\":\"SearchAction\",\"target\":{\"@type\":\"EntryPoint\",\"urlTemplate\":\"https:\/\/powerdot.eu\/be?s={search_term_string}\"},\"query-input\":{\"@type\":\"PropertyValueSpecification\",\"valueRequired\":true,\"valueName\":\"search_term_string\"}}],\"inLanguage\":\"nl-be\"}]}<\/script>\n<!-- \/ Yoast SEO Premium plugin. -->","yoast_head_json":{"title":"Supermarkten - Powerdot","description":"Avec le nombre croissant de clients qui optent pour des voitures \u00e9lectriques, le fait de proposer une borne de recharge pratique et fiable peut \u00eatre un v\u00e9ritable atout concurrentiel.","robots":{"index":"noindex","follow":"follow"},"og_locale":"nl_NL","og_type":"article","og_title":"Supermarkten","og_description":"Avec le nombre croissant de clients qui optent pour des voitures \u00e9lectriques, le fait de proposer une borne de recharge pratique et fiable peut \u00eatre un v\u00e9ritable atout concurrentiel.","og_url":"https:\/\/powerdot.eu\/be\/onze-oplossingen\/supermarkten","og_site_name":"Powerdot","article_modified_time":"2024-05-31T11:10:28+00:00","twitter_card":"summary_large_image","twitter_misc":{"Est. reading time":"3 minutes"},"schema":{"@context":"https:\/\/schema.org","@graph":[{"@type":"WebPage","@id":"https:\/\/powerdot.eu\/be\/onze-oplossingen\/supermarkten","url":"https:\/\/powerdot.eu\/be\/onze-oplossingen\/supermarkten","name":"Supermarkten - Powerdot","isPartOf":{"@id":"https:\/\/powerdot.eu\/be#website"},"datePublished":"2023-10-02T19:52:53+00:00","dateModified":"2024-05-31T11:10:28+00:00","description":"Avec le nombre croissant de clients qui optent pour des voitures \u00e9lectriques, le fait de proposer une borne de recharge pratique et fiable peut \u00eatre un v\u00e9ritable atout concurrentiel.","breadcrumb":{"@id":"https:\/\/powerdot.eu\/be\/onze-oplossingen\/supermarkten#breadcrumb"},"inLanguage":"nl-be","potentialAction":[{"@type":"ReadAction","target":["https:\/\/powerdot.eu\/be\/onze-oplossingen\/supermarkten"]}]},{"@type":"BreadcrumbList","@id":"https:\/\/powerdot.eu\/be\/onze-oplossingen\/supermarkten#breadcrumb","itemListElement":[{"@type":"ListItem","position":1,"name":"In\u00edcio","item":"https:\/\/www.powerdot.eu\/be"},{"@type":"ListItem","position":2,"name":"Onze oplossingen","item":"https:\/\/52.16.203.169\/be\/onze-oplossingen"},{"@type":"ListItem","position":3,"name":"Supermarkten"}]},{"@type":"WebSite","@id":"https:\/\/powerdot.eu\/be#website","url":"https:\/\/powerdot.eu\/be","name":"Powerdot","description":"","potentialAction":[{"@type":"SearchAction","target":{"@type":"EntryPoint","urlTemplate":"https:\/\/powerdot.eu\/be?s={search_term_string}"},"query-input":{"@type":"PropertyValueSpecification","valueRequired":true,"valueName":"search_term_string"}}],"inLanguage":"nl-be"}]}},"_links":{"self":[{"href":"https:\/\/powerdot.eu\/be\/wp-json\/wp\/v2\/pages\/7616"}],"collection":[{"href":"https:\/\/powerdot.eu\/be\/wp-json\/wp\/v2\/pages"}],"about":[{"href":"https:\/\/powerdot.eu\/be\/wp-json\/wp\/v2\/types\/page"}],"author":[{"embeddable":true,"href":"https:\/\/powerdot.eu\/be\/wp-json\/wp\/v2\/users\/6"}],"replies":[{"embeddable":true,"href":"https:\/\/powerdot.eu\/be\/wp-json\/wp\/v2\/comments?post=7616"}],"version-history":[{"count":4,"href":"https:\/\/powerdot.eu\/be\/wp-json\/wp\/v2\/pages\/7616\/revisions"}],"predecessor-version":[{"id":8357,"href":"https:\/\/powerdot.eu\/be\/wp-json\/wp\/v2\/pages\/7616\/revisions\/8357"}],"up":[{"embeddable":true,"href":"https:\/\/powerdot.eu\/be\/wp-json\/wp\/v2\/pages\/7596"}],"wp:attachment":[{"href":"https:\/\/powerdot.eu\/be\/wp-json\/wp\/v2\/media?parent=7616"}],"curies":[{"name":"wp","href":"https:\/\/api.w.org\/{rel}","templated":true}]}}